{"id":53,"date":"2024-04-17T00:20:40","date_gmt":"2024-04-17T00:20:40","guid":{"rendered":"https:\/\/apartamentocoimbra.pt\/?page_id=53"},"modified":"2024-05-06T16:11:30","modified_gmt":"2024-05-06T16:11:30","slug":"o-apartamento","status":"publish","type":"page","link":"https:\/\/apartamentocoimbra.pt\/?page_id=53","title":{"rendered":"O Apartamento"},"content":{"rendered":"\n<figure class=\"wp-block-image size-large\"><img loading=\"lazy\" decoding=\"async\" width=\"1024\" height=\"135\" src=\"https:\/\/apartamentocoimbra.pt\/wp-content\/uploads\/2024\/05\/imagem-2-1024x135.png\" alt=\"\" class=\"wp-image-124\" srcset=\"https:\/\/apartamentocoimbra.pt\/wp-content\/uploads\/2024\/05\/imagem-2-1024x135.png 1024w, https:\/\/apartamentocoimbra.pt\/wp-content\/uploads\/2024\/05\/imagem-2-300x40.png 300w, https:\/\/apartamentocoimbra.pt\/wp-content\/uploads\/2024\/05\/imagem-2-768x101.png 768w, https:\/\/apartamentocoimbra.pt\/wp-content\/uploads\/2024\/05\/imagem-2.png 1107w\" sizes=\"auto, (max-width: 1024px) 100vw, 1024px\" \/><\/figure>\n\n\n\n<figure class=\"wp-block-image size-full\"><img loading=\"lazy\" decoding=\"async\" width=\"695\" height=\"127\" src=\"https:\/\/apartamentocoimbra.pt\/wp-content\/uploads\/2024\/05\/imagem.png\" alt=\"\" class=\"wp-image-120\" srcset=\"https:\/\/apartamentocoimbra.pt\/wp-content\/uploads\/2024\/05\/imagem.png 695w, https:\/\/apartamentocoimbra.pt\/wp-content\/uploads\/2024\/05\/imagem-300x55.png 300w\" sizes=\"auto, (max-width: 695px) 100vw, 695px\" \/><\/figure>\n\n\n\n<p>Bem-vindo ao <strong>Alojamento Local<\/strong> Apartamento Coselhas em Coimbra, <strong>licen\u00e7a n\u00famero: 116984\/AL<\/strong>, o teu ref\u00fagio acolhedor na encantadora cidade de Coimbra. Localizado numa zona tranquila e pitoresca, este apartamento T2 oferece o equil\u00edbrio perfeito entre conforto moderno e charme tradicional.<\/p>\n\n\n\n<p>Ao entrar, \u00e9 recebido por uma atmosfera luminosa e arejada, onde os tons suaves das paredes combinam perfeitamente com os elementos de madeira que proporcionam um toque acolhedor. A sala de estar \u00e9 o espa\u00e7o ideal para relaxar ap\u00f3s um dia a explorar a cidade, com um sof\u00e1 confort\u00e1vel e uma televis\u00e3o para entretenimento.<\/p>\n\n\n\n<p>A cozinha totalmente equipada convida-o a preparar refei\u00e7\u00f5es deliciosas com ingredientes frescos locais, que podes saborear na \u00e1rea de jantar adjacente, enquanto aprecias a vista da cidade atrav\u00e9s da janela.<\/p>\n\n\n\n<figure class=\"wp-block-gallery has-nested-images columns-default is-cropped wp-block-gallery-1 is-layout-flex wp-block-gallery-is-layout-flex\">\n<figure class=\"wp-block-image size-large\"><img loading=\"lazy\" decoding=\"async\" width=\"1024\" height=\"683\" data-id=\"103\" src=\"https:\/\/apartamentocoimbra.pt\/wp-content\/uploads\/2024\/05\/COZINHA.jpeg\" alt=\"\" class=\"wp-image-103\" srcset=\"https:\/\/apartamentocoimbra.pt\/wp-content\/uploads\/2024\/05\/COZINHA.jpeg 1024w, https:\/\/apartamentocoimbra.pt\/wp-content\/uploads\/2024\/05\/COZINHA-300x200.jpeg 300w, https:\/\/apartamentocoimbra.pt\/wp-content\/uploads\/2024\/05\/COZINHA-768x512.jpeg 768w\" sizes=\"auto, (max-width: 1024px) 100vw, 1024px\" \/><figcaption class=\"wp-element-caption\">COZINHA TOTALMENTE EQUIPADA<\/figcaption><\/figure>\n\n\n\n<figure class=\"wp-block-image size-large\"><img loading=\"lazy\" decoding=\"async\" width=\"1024\" height=\"768\" data-id=\"101\" src=\"https:\/\/apartamentocoimbra.pt\/wp-content\/uploads\/2024\/05\/SALA-DE-ESTAR-2.jpeg\" alt=\"\" class=\"wp-image-101\" srcset=\"https:\/\/apartamentocoimbra.pt\/wp-content\/uploads\/2024\/05\/SALA-DE-ESTAR-2.jpeg 1024w, https:\/\/apartamentocoimbra.pt\/wp-content\/uploads\/2024\/05\/SALA-DE-ESTAR-2-300x225.jpeg 300w, https:\/\/apartamentocoimbra.pt\/wp-content\/uploads\/2024\/05\/SALA-DE-ESTAR-2-768x576.jpeg 768w\" sizes=\"auto, (max-width: 1024px) 100vw, 1024px\" \/><figcaption class=\"wp-element-caption\">SALA DE ESTAR<\/figcaption><\/figure>\n\n\n\n<figure class=\"wp-block-image size-large\"><img loading=\"lazy\" decoding=\"async\" width=\"1024\" height=\"768\" data-id=\"105\" src=\"https:\/\/apartamentocoimbra.pt\/wp-content\/uploads\/2024\/05\/SALA-DE-ESTAR-3.jpeg\" alt=\"\" class=\"wp-image-105\" srcset=\"https:\/\/apartamentocoimbra.pt\/wp-content\/uploads\/2024\/05\/SALA-DE-ESTAR-3.jpeg 1024w, https:\/\/apartamentocoimbra.pt\/wp-content\/uploads\/2024\/05\/SALA-DE-ESTAR-3-300x225.jpeg 300w, https:\/\/apartamentocoimbra.pt\/wp-content\/uploads\/2024\/05\/SALA-DE-ESTAR-3-768x576.jpeg 768w\" sizes=\"auto, (max-width: 1024px) 100vw, 1024px\" \/><figcaption class=\"wp-element-caption\">SALA DE ESTAR<\/figcaption><\/figure>\n\n\n\n<figure class=\"wp-block-image size-large\"><img loading=\"lazy\" decoding=\"async\" width=\"1024\" height=\"768\" data-id=\"104\" src=\"https:\/\/apartamentocoimbra.pt\/wp-content\/uploads\/2024\/05\/SALA-DE-ESTAR.jpeg\" alt=\"\" class=\"wp-image-104\" srcset=\"https:\/\/apartamentocoimbra.pt\/wp-content\/uploads\/2024\/05\/SALA-DE-ESTAR.jpeg 1024w, https:\/\/apartamentocoimbra.pt\/wp-content\/uploads\/2024\/05\/SALA-DE-ESTAR-300x225.jpeg 300w, https:\/\/apartamentocoimbra.pt\/wp-content\/uploads\/2024\/05\/SALA-DE-ESTAR-768x576.jpeg 768w\" sizes=\"auto, (max-width: 1024px) 100vw, 1024px\" \/><figcaption class=\"wp-element-caption\">SALA DE ESTAR<\/figcaption><\/figure>\n\n\n\n<figure class=\"wp-block-image size-large\"><img loading=\"lazy\" decoding=\"async\" width=\"1024\" height=\"768\" data-id=\"102\" src=\"https:\/\/apartamentocoimbra.pt\/wp-content\/uploads\/2024\/05\/WC.jpeg\" alt=\"\" class=\"wp-image-102\" srcset=\"https:\/\/apartamentocoimbra.pt\/wp-content\/uploads\/2024\/05\/WC.jpeg 1024w, https:\/\/apartamentocoimbra.pt\/wp-content\/uploads\/2024\/05\/WC-300x225.jpeg 300w, https:\/\/apartamentocoimbra.pt\/wp-content\/uploads\/2024\/05\/WC-768x576.jpeg 768w\" sizes=\"auto, (max-width: 1024px) 100vw, 1024px\" \/><figcaption class=\"wp-element-caption\">WC<\/figcaption><\/figure>\n<\/figure>\n\n\n\n<p>O Alojamento Local possui dois quartos acolhedores, cada um com confort\u00e1veis camas para garantir uma noite de sono tranquila. O ambiente sereno e as comodidades cuidadosamente selecionadas garantem uma estadia relaxante e memor\u00e1vel.<br><\/p>\n\n\n\n<figure class=\"wp-block-gallery has-nested-images columns-default is-cropped wp-block-gallery-2 is-layout-flex wp-block-gallery-is-layout-flex\">\n<figure class=\"wp-block-image size-large\"><img loading=\"lazy\" decoding=\"async\" width=\"1024\" height=\"768\" data-id=\"97\" src=\"https:\/\/apartamentocoimbra.pt\/wp-content\/uploads\/2024\/05\/quarto1-2-1024x768.jpeg\" alt=\"\" class=\"wp-image-97\" srcset=\"https:\/\/apartamentocoimbra.pt\/wp-content\/uploads\/2024\/05\/quarto1-2-1024x768.jpeg 1024w, https:\/\/apartamentocoimbra.pt\/wp-content\/uploads\/2024\/05\/quarto1-2-300x225.jpeg 300w, https:\/\/apartamentocoimbra.pt\/wp-content\/uploads\/2024\/05\/quarto1-2-768x576.jpeg 768w, https:\/\/apartamentocoimbra.pt\/wp-content\/uploads\/2024\/05\/quarto1-2-1536x1152.jpeg 1536w, https:\/\/apartamentocoimbra.pt\/wp-content\/uploads\/2024\/05\/quarto1-2.jpeg 1600w\" sizes=\"auto, (max-width: 1024px) 100vw, 1024px\" \/><figcaption class=\"wp-element-caption\">QUARTO 1<\/figcaption><\/figure>\n\n\n\n<figure class=\"wp-block-image size-large\"><img loading=\"lazy\" decoding=\"async\" width=\"1024\" height=\"768\" data-id=\"99\" src=\"https:\/\/apartamentocoimbra.pt\/wp-content\/uploads\/2024\/05\/quarto2-3-1024x768.jpeg\" alt=\"\" class=\"wp-image-99\" srcset=\"https:\/\/apartamentocoimbra.pt\/wp-content\/uploads\/2024\/05\/quarto2-3-1024x768.jpeg 1024w, https:\/\/apartamentocoimbra.pt\/wp-content\/uploads\/2024\/05\/quarto2-3-300x225.jpeg 300w, https:\/\/apartamentocoimbra.pt\/wp-content\/uploads\/2024\/05\/quarto2-3-768x576.jpeg 768w, https:\/\/apartamentocoimbra.pt\/wp-content\/uploads\/2024\/05\/quarto2-3-1536x1152.jpeg 1536w, https:\/\/apartamentocoimbra.pt\/wp-content\/uploads\/2024\/05\/quarto2-3.jpeg 1600w\" sizes=\"auto, (max-width: 1024px) 100vw, 1024px\" \/><figcaption class=\"wp-element-caption\">QUARTO 2<\/figcaption><\/figure>\n<\/figure>\n\n\n\n<p>Al\u00e9m disso, a localiza\u00e7\u00e3o conveniente do Alojamento Local Apartamento Coselhas permite-te explorar facilmente os encantos de Coimbra. Descobre os tesouros hist\u00f3ricos da cidade, passeia pelas suas ruas pitorescas e saboreia a aut\u00eantica gastronomia local em restaurantes acolhedores nas proximidades.<\/p>\n\n\n\n<p>Quer esteja a visitar Coimbra, em lazer ou a neg\u00f3cios, o Alojamento Local Apartamento Coselhas oferece-lhe um lar longe de casa, onde pode criar mem\u00f3rias inesquec\u00edveis nesta cidade encantadora.<\/p>\n","protected":false},"excerpt":{"rendered":"<p>Bem-vindo ao Alojamento Local Apartamento Coselhas em Coimbra, licen\u00e7a n\u00famero: 116984\/AL, o teu ref\u00fagio acolhedor na encantadora cidade de Coimbra. Localizado numa zona tranquila e pitoresca, este apartamento T2 oferece o equil\u00edbrio perfeito entre conforto moderno e charme tradicional. Ao entrar, \u00e9 recebido por uma atmosfera luminosa e arejada, onde os tons suaves das paredes [&hellip;]<\/p>\n","protected":false},"author":1,"featured_media":0,"parent":0,"menu_order":0,"comment_status":"closed","ping_status":"closed","template":"","meta":{"footnotes":""},"class_list":["post-53","page","type-page","status-publish","hentry"],"yoast_head":"<!-- This site is optimized with the Yoast SEO plugin v22.6 - https:\/\/yoast.com\/wordpress\/plugins\/seo\/ -->\n<title>O Apartamento - Apartamento Coimbra - Alojamento Local<\/title>\n<meta name=\"description\" content=\"Alojamento Local em Coimbra. Apartamento de tipologia T2 totalmente equipado. Disp\u00f5e de dois quartos espa\u00e7osos, assim com restantes divis\u00f5es.\" \/>\n<meta name=\"robots\" content=\"index, follow, max-snippet:-1, max-image-preview:large, max-video-preview:-1\" \/>\n<link rel=\"canonical\" href=\"https:\/\/apartamentocoimbra.pt\/?page_id=53\" \/>\n<meta property=\"og:locale\" content=\"pt_PT\" \/>\n<meta property=\"og:type\" content=\"article\" \/>\n<meta property=\"og:title\" content=\"O Apartamento - Apartamento Coimbra - Alojamento Local\" \/>\n<meta property=\"og:description\" content=\"Alojamento Local em Coimbra. Apartamento de tipologia T2 totalmente equipado. Disp\u00f5e de dois quartos espa\u00e7osos, assim com restantes divis\u00f5es.\" \/>\n<meta property=\"og:url\" content=\"https:\/\/apartamentocoimbra.pt\/?page_id=53\" \/>\n<meta property=\"og:site_name\" content=\"Apartamento Coimbra - Alojamento Local\" \/>\n<meta property=\"article:modified_time\" content=\"2024-05-06T16:11:30+00:00\" \/>\n<meta property=\"og:image\" content=\"https:\/\/apartamentocoimbra.pt\/wp-content\/uploads\/2024\/05\/imagem-2-1024x135.png\" \/>\n<meta name=\"twitter:card\" content=\"summary_large_image\" \/>\n<meta name=\"twitter:label1\" content=\"Tempo estimado de leitura\" \/>\n\t<meta name=\"twitter:data1\" content=\"4 minutos\" \/>\n<script type=\"application\/ld+json\" class=\"yoast-schema-graph\">{\"@context\":\"https:\/\/schema.org\",\"@graph\":[{\"@type\":\"WebPage\",\"@id\":\"https:\/\/apartamentocoimbra.pt\/?page_id=53\",\"url\":\"https:\/\/apartamentocoimbra.pt\/?page_id=53\",\"name\":\"O Apartamento - Apartamento Coimbra - Alojamento Local\",\"isPartOf\":{\"@id\":\"https:\/\/apartamentocoimbra.pt\/#website\"},\"primaryImageOfPage\":{\"@id\":\"https:\/\/apartamentocoimbra.pt\/?page_id=53#primaryimage\"},\"image\":{\"@id\":\"https:\/\/apartamentocoimbra.pt\/?page_id=53#primaryimage\"},\"thumbnailUrl\":\"https:\/\/apartamentocoimbra.pt\/wp-content\/uploads\/2024\/05\/imagem-2-1024x135.png\",\"datePublished\":\"2024-04-17T00:20:40+00:00\",\"dateModified\":\"2024-05-06T16:11:30+00:00\",\"description\":\"Alojamento Local em Coimbra. Apartamento de tipologia T2 totalmente equipado. Disp\u00f5e de dois quartos espa\u00e7osos, assim com restantes divis\u00f5es.\",\"breadcrumb\":{\"@id\":\"https:\/\/apartamentocoimbra.pt\/?page_id=53#breadcrumb\"},\"inLanguage\":\"pt-PT\",\"potentialAction\":[{\"@type\":\"ReadAction\",\"target\":[\"https:\/\/apartamentocoimbra.pt\/?page_id=53\"]}]},{\"@type\":\"ImageObject\",\"inLanguage\":\"pt-PT\",\"@id\":\"https:\/\/apartamentocoimbra.pt\/?page_id=53#primaryimage\",\"url\":\"https:\/\/apartamentocoimbra.pt\/wp-content\/uploads\/2024\/05\/imagem-2.png\",\"contentUrl\":\"https:\/\/apartamentocoimbra.pt\/wp-content\/uploads\/2024\/05\/imagem-2.png\",\"width\":1107,\"height\":146},{\"@type\":\"BreadcrumbList\",\"@id\":\"https:\/\/apartamentocoimbra.pt\/?page_id=53#breadcrumb\",\"itemListElement\":[{\"@type\":\"ListItem\",\"position\":1,\"name\":\"In\u00edcio\",\"item\":\"https:\/\/apartamentocoimbra.pt\/\"},{\"@type\":\"ListItem\",\"position\":2,\"name\":\"Alojamento Local Coimbra\"}]},{\"@type\":\"WebSite\",\"@id\":\"https:\/\/apartamentocoimbra.pt\/#website\",\"url\":\"https:\/\/apartamentocoimbra.pt\/\",\"name\":\"Apartamento Coimbra - Alojamento Local\",\"description\":\"Alojamento Local em Coimbra\",\"publisher\":{\"@id\":\"https:\/\/apartamentocoimbra.pt\/#organization\"},\"potentialAction\":[{\"@type\":\"SearchAction\",\"target\":{\"@type\":\"EntryPoint\",\"urlTemplate\":\"https:\/\/apartamentocoimbra.pt\/?s={search_term_string}\"},\"query-input\":\"required name=search_term_string\"}],\"inLanguage\":\"pt-PT\"},{\"@type\":\"Organization\",\"@id\":\"https:\/\/apartamentocoimbra.pt\/#organization\",\"name\":\"Apartamento Coimbra - Alojamento Local\",\"url\":\"https:\/\/apartamentocoimbra.pt\/\",\"logo\":{\"@type\":\"ImageObject\",\"inLanguage\":\"pt-PT\",\"@id\":\"https:\/\/apartamentocoimbra.pt\/#\/schema\/logo\/image\/\",\"url\":\"https:\/\/apartamentocoimbra.pt\/wp-content\/uploads\/2024\/04\/AL-EC-01.jpg\",\"contentUrl\":\"https:\/\/apartamentocoimbra.pt\/wp-content\/uploads\/2024\/04\/AL-EC-01.jpg\",\"width\":625,\"height\":625,\"caption\":\"Apartamento Coimbra - Alojamento Local\"},\"image\":{\"@id\":\"https:\/\/apartamentocoimbra.pt\/#\/schema\/logo\/image\/\"}}]}<\/script>\n<!-- \/ Yoast SEO plugin. -->","yoast_head_json":{"title":"O Apartamento - Apartamento Coimbra - Alojamento Local","description":"Alojamento Local em Coimbra. Apartamento de tipologia T2 totalmente equipado. Disp\u00f5e de dois quartos espa\u00e7osos, assim com restantes divis\u00f5es.","robots":{"index":"index","follow":"follow","max-snippet":"max-snippet:-1","max-image-preview":"max-image-preview:large","max-video-preview":"max-video-preview:-1"},"canonical":"https:\/\/apartamentocoimbra.pt\/?page_id=53","og_locale":"pt_PT","og_type":"article","og_title":"O Apartamento - Apartamento Coimbra - Alojamento Local","og_description":"Alojamento Local em Coimbra. Apartamento de tipologia T2 totalmente equipado. Disp\u00f5e de dois quartos espa\u00e7osos, assim com restantes divis\u00f5es.","og_url":"https:\/\/apartamentocoimbra.pt\/?page_id=53","og_site_name":"Apartamento Coimbra - Alojamento Local","article_modified_time":"2024-05-06T16:11:30+00:00","og_image":[{"url":"https:\/\/apartamentocoimbra.pt\/wp-content\/uploads\/2024\/05\/imagem-2-1024x135.png"}],"twitter_card":"summary_large_image","twitter_misc":{"Tempo estimado de leitura":"4 minutos"},"schema":{"@context":"https:\/\/schema.org","@graph":[{"@type":"WebPage","@id":"https:\/\/apartamentocoimbra.pt\/?page_id=53","url":"https:\/\/apartamentocoimbra.pt\/?page_id=53","name":"O Apartamento - Apartamento Coimbra - Alojamento Local","isPartOf":{"@id":"https:\/\/apartamentocoimbra.pt\/#website"},"primaryImageOfPage":{"@id":"https:\/\/apartamentocoimbra.pt\/?page_id=53#primaryimage"},"image":{"@id":"https:\/\/apartamentocoimbra.pt\/?page_id=53#primaryimage"},"thumbnailUrl":"https:\/\/apartamentocoimbra.pt\/wp-content\/uploads\/2024\/05\/imagem-2-1024x135.png","datePublished":"2024-04-17T00:20:40+00:00","dateModified":"2024-05-06T16:11:30+00:00","description":"Alojamento Local em Coimbra. Apartamento de tipologia T2 totalmente equipado. Disp\u00f5e de dois quartos espa\u00e7osos, assim com restantes divis\u00f5es.","breadcrumb":{"@id":"https:\/\/apartamentocoimbra.pt\/?page_id=53#breadcrumb"},"inLanguage":"pt-PT","potentialAction":[{"@type":"ReadAction","target":["https:\/\/apartamentocoimbra.pt\/?page_id=53"]}]},{"@type":"ImageObject","inLanguage":"pt-PT","@id":"https:\/\/apartamentocoimbra.pt\/?page_id=53#primaryimage","url":"https:\/\/apartamentocoimbra.pt\/wp-content\/uploads\/2024\/05\/imagem-2.png","contentUrl":"https:\/\/apartamentocoimbra.pt\/wp-content\/uploads\/2024\/05\/imagem-2.png","width":1107,"height":146},{"@type":"BreadcrumbList","@id":"https:\/\/apartamentocoimbra.pt\/?page_id=53#breadcrumb","itemListElement":[{"@type":"ListItem","position":1,"name":"In\u00edcio","item":"https:\/\/apartamentocoimbra.pt\/"},{"@type":"ListItem","position":2,"name":"Alojamento Local Coimbra"}]},{"@type":"WebSite","@id":"https:\/\/apartamentocoimbra.pt\/#website","url":"https:\/\/apartamentocoimbra.pt\/","name":"Apartamento Coimbra - Alojamento Local","description":"Alojamento Local em Coimbra","publisher":{"@id":"https:\/\/apartamentocoimbra.pt\/#organization"},"potentialAction":[{"@type":"SearchAction","target":{"@type":"EntryPoint","urlTemplate":"https:\/\/apartamentocoimbra.pt\/?s={search_term_string}"},"query-input":"required name=search_term_string"}],"inLanguage":"pt-PT"},{"@type":"Organization","@id":"https:\/\/apartamentocoimbra.pt\/#organization","name":"Apartamento Coimbra - Alojamento Local","url":"https:\/\/apartamentocoimbra.pt\/","logo":{"@type":"ImageObject","inLanguage":"pt-PT","@id":"https:\/\/apartamentocoimbra.pt\/#\/schema\/logo\/image\/","url":"https:\/\/apartamentocoimbra.pt\/wp-content\/uploads\/2024\/04\/AL-EC-01.jpg","contentUrl":"https:\/\/apartamentocoimbra.pt\/wp-content\/uploads\/2024\/04\/AL-EC-01.jpg","width":625,"height":625,"caption":"Apartamento Coimbra - Alojamento Local"},"image":{"@id":"https:\/\/apartamentocoimbra.pt\/#\/schema\/logo\/image\/"}}]}},"_links":{"self":[{"href":"https:\/\/apartamentocoimbra.pt\/index.php?rest_route=\/wp\/v2\/pages\/53","targetHints":{"allow":["GET"]}}],"collection":[{"href":"https:\/\/apartamentocoimbra.pt\/index.php?rest_route=\/wp\/v2\/pages"}],"about":[{"href":"https:\/\/apartamentocoimbra.pt\/index.php?rest_route=\/wp\/v2\/types\/page"}],"author":[{"embeddable":true,"href":"https:\/\/apartamentocoimbra.pt\/index.php?rest_route=\/wp\/v2\/users\/1"}],"replies":[{"embeddable":true,"href":"https:\/\/apartamentocoimbra.pt\/index.php?rest_route=%2Fwp%2Fv2%2Fcomments&post=53"}],"version-history":[{"count":9,"href":"https:\/\/apartamentocoimbra.pt\/index.php?rest_route=\/wp\/v2\/pages\/53\/revisions"}],"predecessor-version":[{"id":131,"href":"https:\/\/apartamentocoimbra.pt\/index.php?rest_route=\/wp\/v2\/pages\/53\/revisions\/131"}],"wp:attachment":[{"href":"https:\/\/apartamentocoimbra.pt\/index.php?rest_route=%2Fwp%2Fv2%2Fmedia&parent=53"}],"curies":[{"name":"wp","href":"https:\/\/api.w.org\/{rel}","templated":true}]}}