{"id":5,"date":"2024-04-15T16:05:36","date_gmt":"2024-04-15T16:05:36","guid":{"rendered":"https:\/\/apartamentocoimbra.pt\/?page_id=5"},"modified":"2024-05-06T16:01:58","modified_gmt":"2024-05-06T16:01:58","slug":"pedido-de-reserva","status":"publish","type":"page","link":"https:\/\/apartamentocoimbra.pt\/?page_id=5","title":{"rendered":"Booking &#8211; Pedido de Reserva"},"content":{"rendered":"\n<p>Preencha o seguinte formul\u00e1rio com todas as informa\u00e7\u00f5es relativas ao seu <strong>pedido de reserva<\/strong>.<br><strong>Ser\u00e1 contactado a informar a disponibilidade<\/strong> para a(s) data(s) pretendidas.<br>Obrigado desde j\u00e1 pela aten\u00e7\u00e3o!<\/p>\n\n\n\n<p class=\"has-text-align-center\"> <div id=\"form_id1363387716096\"  class=\"wpbc_container wpbc_container_booking_form  wpdevelop \" ><form  id=\"booking_form1\"   class=\"booking_form vertical\" method=\"post\" action=\"\"><div id=\"ajax_respond_insert1\" class=\"ajax_respond_insert\" style=\"display:none;\"><\/div><a name=\"bklnk1\" id=\"bklnk1\"><\/a><div id=\"booking_form_div1\" class=\"booking_form_div\"><div class=\"wpbc_booking_form_structure wpbc_form_right\">\n  <div class=\"wpbc_structure_calendar\">\n    <div class=\"wpbc_calendar_wraper wpbc_change_over_triangle\"><div class=\"bk_calendar_frame wpbc_no_custom_width  months_num_in_row_ cal_month_num_1\" style=\"\"><div id=\"calendar_booking1\">O Calend\u00e1rio est\u00e1 a carregar...<\/div><\/div><div style=\"font-size:7px;text-align:left;margin:0 0 10px;text-shadow: none;\">Powered by <a href=\"https:\/\/wpbookingcalendar.com\" target=\"_blank\" title=\"Booking Calendar plugin for WordPress\">Booking Calendar<\/a><\/div><textarea id=\"date_booking1\" name=\"date_booking1\" autocomplete=\"off\" style=\"display:none;\"><\/textarea><div class=\"block_hints datepick \"><div class=\"wpdev_hint_with_text\"><div class=\"block_free datepick-days-cell\"><a>&nbsp;<\/a><\/div><div class=\"block_text\">- <\/div><div class=\"block_text\">Dispon\u00edvel<\/div><\/div><div class=\"wpdev_hint_with_text\"><div class=\"block_booked date_approved\">&nbsp;<\/div><div class=\"block_text\">- <\/div><div class=\"block_text\">Reservado<\/div><\/div><div class=\"wpdev_hint_with_text\"><div class=\"block_pending date2approve\">&nbsp;<\/div><div class=\"block_text\">- <\/div><div class=\"block_text\">Pendente<\/div><\/div><\/div><\/div>\n  <\/div>\n  <div class=\"wpbc_structure_form\">\n  <div class=\"form-group wpbc-form-element-text wpbc-form-element-name\">  <label for=\"name1\" class=\"control-label\">Nome Completo*:<\/label>   <div class=\"controls\">   <input type=\"text\" name=\"name1\" id=\"name1\" class=\"input-xlarge wpdev-validates-as-required\" \/><\/div><\/div>  <div class=\"form-group wpbc-form-element-text wpbc-form-element-phone\">  <label for=\"phone1\" class=\"control-label\">Telefone*:<\/label>   <div class=\"controls\">   <input type=\"text\" name=\"phone1\" id=\"phone1\" class=\"input-xlarge wpdev-validates-as-required\" \/><\/div><\/div>  <div class=\"form-group wpbc-form-element-email wpbc-form-element-email\">  <label for=\"email1\" class=\"control-label\">Email*:<\/label>   <div class=\"controls\">   <input type=\"text\" name=\"email1\" id=\"email1\" class=\"input-xlarge wpdev-validates-as-email wpdev-validates-as-required wpdev-validates-as-required\" \/><\/div><\/div>  <div class=\"form-group wpbc-form-element-select wpbc-form-element-visitors\">  <label for=\"visitors1\" class=\"control-label\">N\u00famero de Hospedes*:<\/label>   <div class=\"controls\">   <select name=\"visitors1\" id=\"visitors1\" class=\"input-xlarge wpdev-validates-as-required\" >  <option value=\"1\" >1<\/option>  <option value=\"2\" >2<\/option>  <option value=\"3\" >3<\/option>  <option value=\"4\" >4<\/option>  <option value=\"5\" >5<\/option>     <\/select><\/div><\/div>  <div class=\"form-group wpbc-form-element-select wpbc-form-element-rangetime\">  <label for=\"rangetime1\" class=\"control-label\">Hor\u00e1rio Check-In*:<\/label>   <div class=\"controls\">   <select name=\"rangetime1\" id=\"rangetime1\" class=\"input-xlarge wpdev-validates-as-required\" >  <option value=\"15:00 - 16:00\" >15h-16h<\/option>  <option value=\"16:00 - 17:00\" >16h-17h<\/option>  <option value=\"17:00 - 18:00\" >17h-18h<\/option>  <option value=\"18:00 - 24:00\" >18h-24h<\/option>     <\/select><\/div><\/div>  <div class=\"form-group wpbc-form-element-textarea wpbc-form-element-details\">  <label for=\"details1\" class=\"control-label\">Detalhes da Reserva:<\/label>   <div class=\"controls\">   <textarea  rows=\"3\" name=\"details1\" id=\"details1\" class=\"input-xlarge\" ><\/textarea><\/div><\/div><div class=\"form-group\"><\/div>\n<div class=\"form-group\"><button class=\"wpbc_button_light\" type=\"button\" onclick=\"mybooking_submit(this.form,1,'pt_PT');\" >Pedido de Reserva<\/button><\/div>\n  <\/div>\n<\/div>\n<div class=\"wpbc_booking_form_footer\"><\/div><input id=\"bk_type1\" name=\"bk_type1\" class=\"\" type=\"hidden\" value=\"1\" \/><\/div><div id=\"submiting1\"><\/div><div class=\"form_bk_messages\" id=\"form_bk_messages1\" ><\/div><input type=\"hidden\" id=\"wpbc_nonceCALCULATE_THE_COST1\" name=\"wpbc_nonceCALCULATE_THE_COST1\" value=\"f262c5b065\" \/><input type=\"hidden\" name=\"_wp_http_referer\" value=\"\/index.php?rest_route=%2Fwp%2Fv2%2Fpages%2F5\" \/><\/form><\/div><div id=\"booking_form_garbage1\" class=\"booking_form_garbage\"><\/div><script type=\"text\/javascript\">\n                                jQuery(document).ready( function(){\n                                    jQuery(\".widget_wpdev_booking .booking_form.form-horizontal\").removeClass(\"form-horizontal\");\n                                    var visible_booking_id_on_page_num = visible_booking_id_on_page.length;\n                                    if (visible_booking_id_on_page_num !== null ) {\n                                        for (var i=0;i< visible_booking_id_on_page_num ;i++){\n                                          if ( visible_booking_id_on_page[i]==\"booking_form_div1\" ) {\n                                              document.getElementById(\"form_id1363387716096\").innerHTML = \"<span style='color:#A00;font-size:10px;'>Aviso! O calend\u00e1rio de reserva para este recurso j\u00e1 est\u00e1 na p\u00e1gina, por favor, verifique mais sobre esta quest\u00e3o nesta p\u00e1gina: https:\/\/wpbookingcalendar.com\/faq\/why-the-booking-calendar-widget-not-show-on-page\/<\/span>\";                                                                                                  \n                                              jQuery(\"#form_id1363387716096\").animate( {opacity: 1}, 10000 ).fadeOut(5000);\n                                              return;\n                                          }\n                                        }\n                                        visible_booking_id_on_page[ visible_booking_id_on_page_num ]=\"booking_form_div1\";\n                                    }\n                                });\n                            <\/script> <script type='text\/javascript'> jQuery(document).ready( function(){  _wpbc.balancer__set_max_threads( 3 );  _wpbc.calendar__set_param_value( 1 , 'calendar_scroll_to' , false );  _wpbc.calendar__set_param_value( 1 , 'booking_max_monthes_in_calendar' , '2y' );  _wpbc.calendar__set_param_value( 1 , 'booking_start_day_weeek' , '0' );  _wpbc.calendar__set_param_value( 1 , 'calendar_number_of_months' , '1' );   _wpbc.calendar__set_param_value( 1, 'days_select_mode', 'multiple' );   _wpbc.calendar__set_param_value( 1, 'fixed__days_num', 0 );   _wpbc.calendar__set_param_value( 1, 'fixed__week_days__start',   [] );   _wpbc.calendar__set_param_value( 1, 'dynamic__days_min', 0 );   _wpbc.calendar__set_param_value( 1, 'dynamic__days_max', 0 );   _wpbc.calendar__set_param_value( 1, 'dynamic__days_specific',    [] );   _wpbc.calendar__set_param_value( 1, 'dynamic__week_days__start', [] );   _wpbc.calendar__set_param_value( 1, 'booking_date_format', 'j M Y' );   _wpbc.calendar__set_param_value( 1, 'booking_time_format', 'H:i' );  _wpbc.set_other_param( 'message_dates_times_unavailable', 'These dates and times in this calendar are already booked or unavailable.' );  _wpbc.set_other_param( 'message_choose_alternative_dates', 'Please choose alternative date(s), times, or adjust the number of slots booked.' );  _wpbc.set_other_param( 'message_cannot_save_in_one_resource', 'It is not possible to store this sequence of the dates into the one same resource.' );   if ( 'function' === typeof ( wpbc__conditions__SAVE_INITIAL__days_selection_params__bm ) ){ wpbc__conditions__SAVE_INITIAL__days_selection_params__bm( 1 ); }   wpbc_calendar_show( '1' );   _wpbc.set_secure_param( 'nonce',   '6fd37ab3e7' );   _wpbc.set_secure_param( 'user_id', '0' );   _wpbc.set_secure_param( 'locale',  'pt_PT' );  wpbc_calendar__load_data__ajx( {\"resource_id\":1,\"booking_hash\":\"\",\"request_uri\":\"\\\/index.php?rest_route=%2Fwp%2Fv2%2Fpages%2F5\",\"custom_form\":\"standard\",\"aggregate_resource_id_str\":\"\",\"aggregate_type\":\"all\"} );  } ); <\/script><\/p>\n\n\n\n<p><\/p>\n","protected":false},"excerpt":{"rendered":"<p>Preencha o seguinte formul\u00e1rio com todas as informa\u00e7\u00f5es relativas ao seu pedido de reserva.Ser\u00e1 contactado a informar a disponibilidade para a(s) data(s) pretendidas.Obrigado desde j\u00e1 pela aten\u00e7\u00e3o!<\/p>\n","protected":false},"author":1,"featured_media":0,"parent":0,"menu_order":0,"comment_status":"closed","ping_status":"closed","template":"","meta":{"footnotes":""},"class_list":["post-5","page","type-page","status-publish","hentry"],"yoast_head":"<!-- This site is optimized with the Yoast SEO plugin v22.6 - https:\/\/yoast.com\/wordpress\/plugins\/seo\/ -->\n<title>Booking - Pedido de Reserva - Apartamento Coimbra - Alojamento Local<\/title>\n<meta name=\"description\" content=\"Fa\u00e7a j\u00e1 o seu pedido de reserva no Alojamento Local em Coimbra. Situado no centro de Portugal. Perto de todos os pontos tur\u00edsticos do centro.\" \/>\n<meta name=\"robots\" content=\"index, follow, max-snippet:-1, max-image-preview:large, max-video-preview:-1\" \/>\n<link rel=\"canonical\" href=\"https:\/\/apartamentocoimbra.pt\/?page_id=5\" \/>\n<meta property=\"og:locale\" content=\"pt_PT\" \/>\n<meta property=\"og:type\" content=\"article\" \/>\n<meta property=\"og:title\" content=\"Booking - Pedido de Reserva - Apartamento Coimbra - Alojamento Local\" \/>\n<meta property=\"og:description\" content=\"Fa\u00e7a j\u00e1 o seu pedido de reserva no Alojamento Local em Coimbra. Situado no centro de Portugal. Perto de todos os pontos tur\u00edsticos do centro.\" \/>\n<meta property=\"og:url\" content=\"https:\/\/apartamentocoimbra.pt\/?page_id=5\" \/>\n<meta property=\"og:site_name\" content=\"Apartamento Coimbra - Alojamento Local\" \/>\n<meta property=\"article:modified_time\" content=\"2024-05-06T16:01:58+00:00\" \/>\n<meta name=\"twitter:card\" content=\"summary_large_image\" \/>\n<meta name=\"twitter:label1\" content=\"Tempo estimado de leitura\" \/>\n\t<meta name=\"twitter:data1\" content=\"1 minuto\" \/>\n<script type=\"application\/ld+json\" class=\"yoast-schema-graph\">{\"@context\":\"https:\/\/schema.org\",\"@graph\":[{\"@type\":\"WebPage\",\"@id\":\"https:\/\/apartamentocoimbra.pt\/?page_id=5\",\"url\":\"https:\/\/apartamentocoimbra.pt\/?page_id=5\",\"name\":\"Booking - Pedido de Reserva - Apartamento Coimbra - Alojamento Local\",\"isPartOf\":{\"@id\":\"https:\/\/apartamentocoimbra.pt\/#website\"},\"datePublished\":\"2024-04-15T16:05:36+00:00\",\"dateModified\":\"2024-05-06T16:01:58+00:00\",\"description\":\"Fa\u00e7a j\u00e1 o seu pedido de reserva no Alojamento Local em Coimbra. Situado no centro de Portugal. Perto de todos os pontos tur\u00edsticos do centro.\",\"breadcrumb\":{\"@id\":\"https:\/\/apartamentocoimbra.pt\/?page_id=5#breadcrumb\"},\"inLanguage\":\"pt-PT\",\"potentialAction\":[{\"@type\":\"ReadAction\",\"target\":[\"https:\/\/apartamentocoimbra.pt\/?page_id=5\"]}]},{\"@type\":\"BreadcrumbList\",\"@id\":\"https:\/\/apartamentocoimbra.pt\/?page_id=5#breadcrumb\",\"itemListElement\":[{\"@type\":\"ListItem\",\"position\":1,\"name\":\"In\u00edcio\",\"item\":\"https:\/\/apartamentocoimbra.pt\/\"},{\"@type\":\"ListItem\",\"position\":2,\"name\":\"Alojamento Local Coimbra\"}]},{\"@type\":\"WebSite\",\"@id\":\"https:\/\/apartamentocoimbra.pt\/#website\",\"url\":\"https:\/\/apartamentocoimbra.pt\/\",\"name\":\"Apartamento Coimbra - Alojamento Local\",\"description\":\"Alojamento Local em Coimbra\",\"publisher\":{\"@id\":\"https:\/\/apartamentocoimbra.pt\/#organization\"},\"potentialAction\":[{\"@type\":\"SearchAction\",\"target\":{\"@type\":\"EntryPoint\",\"urlTemplate\":\"https:\/\/apartamentocoimbra.pt\/?s={search_term_string}\"},\"query-input\":\"required name=search_term_string\"}],\"inLanguage\":\"pt-PT\"},{\"@type\":\"Organization\",\"@id\":\"https:\/\/apartamentocoimbra.pt\/#organization\",\"name\":\"Apartamento Coimbra - Alojamento Local\",\"url\":\"https:\/\/apartamentocoimbra.pt\/\",\"logo\":{\"@type\":\"ImageObject\",\"inLanguage\":\"pt-PT\",\"@id\":\"https:\/\/apartamentocoimbra.pt\/#\/schema\/logo\/image\/\",\"url\":\"https:\/\/apartamentocoimbra.pt\/wp-content\/uploads\/2024\/04\/AL-EC-01.jpg\",\"contentUrl\":\"https:\/\/apartamentocoimbra.pt\/wp-content\/uploads\/2024\/04\/AL-EC-01.jpg\",\"width\":625,\"height\":625,\"caption\":\"Apartamento Coimbra - Alojamento Local\"},\"image\":{\"@id\":\"https:\/\/apartamentocoimbra.pt\/#\/schema\/logo\/image\/\"}}]}<\/script>\n<!-- \/ Yoast SEO plugin. -->","yoast_head_json":{"title":"Booking - Pedido de Reserva - Apartamento Coimbra - Alojamento Local","description":"Fa\u00e7a j\u00e1 o seu pedido de reserva no Alojamento Local em Coimbra. Situado no centro de Portugal. Perto de todos os pontos tur\u00edsticos do centro.","robots":{"index":"index","follow":"follow","max-snippet":"max-snippet:-1","max-image-preview":"max-image-preview:large","max-video-preview":"max-video-preview:-1"},"canonical":"https:\/\/apartamentocoimbra.pt\/?page_id=5","og_locale":"pt_PT","og_type":"article","og_title":"Booking - Pedido de Reserva - Apartamento Coimbra - Alojamento Local","og_description":"Fa\u00e7a j\u00e1 o seu pedido de reserva no Alojamento Local em Coimbra. Situado no centro de Portugal. Perto de todos os pontos tur\u00edsticos do centro.","og_url":"https:\/\/apartamentocoimbra.pt\/?page_id=5","og_site_name":"Apartamento Coimbra - Alojamento Local","article_modified_time":"2024-05-06T16:01:58+00:00","twitter_card":"summary_large_image","twitter_misc":{"Tempo estimado de leitura":"1 minuto"},"schema":{"@context":"https:\/\/schema.org","@graph":[{"@type":"WebPage","@id":"https:\/\/apartamentocoimbra.pt\/?page_id=5","url":"https:\/\/apartamentocoimbra.pt\/?page_id=5","name":"Booking - Pedido de Reserva - Apartamento Coimbra - Alojamento Local","isPartOf":{"@id":"https:\/\/apartamentocoimbra.pt\/#website"},"datePublished":"2024-04-15T16:05:36+00:00","dateModified":"2024-05-06T16:01:58+00:00","description":"Fa\u00e7a j\u00e1 o seu pedido de reserva no Alojamento Local em Coimbra. Situado no centro de Portugal. Perto de todos os pontos tur\u00edsticos do centro.","breadcrumb":{"@id":"https:\/\/apartamentocoimbra.pt\/?page_id=5#breadcrumb"},"inLanguage":"pt-PT","potentialAction":[{"@type":"ReadAction","target":["https:\/\/apartamentocoimbra.pt\/?page_id=5"]}]},{"@type":"BreadcrumbList","@id":"https:\/\/apartamentocoimbra.pt\/?page_id=5#breadcrumb","itemListElement":[{"@type":"ListItem","position":1,"name":"In\u00edcio","item":"https:\/\/apartamentocoimbra.pt\/"},{"@type":"ListItem","position":2,"name":"Alojamento Local Coimbra"}]},{"@type":"WebSite","@id":"https:\/\/apartamentocoimbra.pt\/#website","url":"https:\/\/apartamentocoimbra.pt\/","name":"Apartamento Coimbra - Alojamento Local","description":"Alojamento Local em Coimbra","publisher":{"@id":"https:\/\/apartamentocoimbra.pt\/#organization"},"potentialAction":[{"@type":"SearchAction","target":{"@type":"EntryPoint","urlTemplate":"https:\/\/apartamentocoimbra.pt\/?s={search_term_string}"},"query-input":"required name=search_term_string"}],"inLanguage":"pt-PT"},{"@type":"Organization","@id":"https:\/\/apartamentocoimbra.pt\/#organization","name":"Apartamento Coimbra - Alojamento Local","url":"https:\/\/apartamentocoimbra.pt\/","logo":{"@type":"ImageObject","inLanguage":"pt-PT","@id":"https:\/\/apartamentocoimbra.pt\/#\/schema\/logo\/image\/","url":"https:\/\/apartamentocoimbra.pt\/wp-content\/uploads\/2024\/04\/AL-EC-01.jpg","contentUrl":"https:\/\/apartamentocoimbra.pt\/wp-content\/uploads\/2024\/04\/AL-EC-01.jpg","width":625,"height":625,"caption":"Apartamento Coimbra - Alojamento Local"},"image":{"@id":"https:\/\/apartamentocoimbra.pt\/#\/schema\/logo\/image\/"}}]}},"_links":{"self":[{"href":"https:\/\/apartamentocoimbra.pt\/index.php?rest_route=\/wp\/v2\/pages\/5","targetHints":{"allow":["GET"]}}],"collection":[{"href":"https:\/\/apartamentocoimbra.pt\/index.php?rest_route=\/wp\/v2\/pages"}],"about":[{"href":"https:\/\/apartamentocoimbra.pt\/index.php?rest_route=\/wp\/v2\/types\/page"}],"author":[{"embeddable":true,"href":"https:\/\/apartamentocoimbra.pt\/index.php?rest_route=\/wp\/v2\/users\/1"}],"replies":[{"embeddable":true,"href":"https:\/\/apartamentocoimbra.pt\/index.php?rest_route=%2Fwp%2Fv2%2Fcomments&post=5"}],"version-history":[{"count":7,"href":"https:\/\/apartamentocoimbra.pt\/index.php?rest_route=\/wp\/v2\/pages\/5\/revisions"}],"predecessor-version":[{"id":133,"href":"https:\/\/apartamentocoimbra.pt\/index.php?rest_route=\/wp\/v2\/pages\/5\/revisions\/133"}],"wp:attachment":[{"href":"https:\/\/apartamentocoimbra.pt\/index.php?rest_route=%2Fwp%2Fv2%2Fmedia&parent=5"}],"curies":[{"name":"wp","href":"https:\/\/api.w.org\/{rel}","templated":true}]}}